{"id":626,"date":"2025-12-31T12:53:11","date_gmt":"2025-12-31T11:53:11","guid":{"rendered":"https:\/\/car-cleon.fr\/?page_id=626"},"modified":"2026-02-09T18:25:38","modified_gmt":"2026-02-09T17:25:38","slug":"2026-2","status":"publish","type":"page","link":"https:\/\/car-cleon.fr\/?page_id=626","title":{"rendered":"2026"},"content":{"rendered":"\n<figure class=\"wp-block-image size-large is-resized\"><img loading=\"lazy\" decoding=\"async\" width=\"1024\" height=\"669\" src=\"https:\/\/car-cleon.fr\/wp-content\/uploads\/2026\/01\/carte-de-voeux-2026-1024x669.jpg\" alt=\"\" class=\"wp-image-650\" style=\"aspect-ratio:1.5306645407436934;width:394px;height:auto\" srcset=\"https:\/\/car-cleon.fr\/wp-content\/uploads\/2026\/01\/carte-de-voeux-2026-1024x669.jpg 1024w, https:\/\/car-cleon.fr\/wp-content\/uploads\/2026\/01\/carte-de-voeux-2026-300x196.jpg 300w, https:\/\/car-cleon.fr\/wp-content\/uploads\/2026\/01\/carte-de-voeux-2026-768x501.jpg 768w, https:\/\/car-cleon.fr\/wp-content\/uploads\/2026\/01\/carte-de-voeux-2026-1536x1003.jpg 1536w, https:\/\/car-cleon.fr\/wp-content\/uploads\/2026\/01\/carte-de-voeux-2026-1140x744.jpg 1140w, https:\/\/car-cleon.fr\/wp-content\/uploads\/2026\/01\/carte-de-voeux-2026.jpg 2048w\" sizes=\"auto, (max-width: 1024px) 100vw, 1024px\" \/><\/figure>\n\n\n\n<h2 class=\"wp-block-heading\">AG 2026<\/h2>\n\n\n\n<figure class=\"wp-block-gallery has-nested-images columns-7 is-cropped wp-block-gallery-1 is-layout-flex wp-block-gallery-is-layout-flex\">\n<figure class=\"wp-block-image size-large\"><img loading=\"lazy\" decoding=\"async\" width=\"768\" height=\"1024\" data-id=\"766\" src=\"https:\/\/car-cleon.fr\/wp-content\/uploads\/2026\/02\/IMG-20260209-WA0004-768x1024.jpg\" alt=\"\" class=\"wp-image-766\" srcset=\"https:\/\/car-cleon.fr\/wp-content\/uploads\/2026\/02\/IMG-20260209-WA0004-768x1024.jpg 768w, https:\/\/car-cleon.fr\/wp-content\/uploads\/2026\/02\/IMG-20260209-WA0004-225x300.jpg 225w, https:\/\/car-cleon.fr\/wp-content\/uploads\/2026\/02\/IMG-20260209-WA0004-1152x1536.jpg 1152w, https:\/\/car-cleon.fr\/wp-content\/uploads\/2026\/02\/IMG-20260209-WA0004-1140x1520.jpg 1140w, https:\/\/car-cleon.fr\/wp-content\/uploads\/2026\/02\/IMG-20260209-WA0004.jpg 1500w\" sizes=\"auto, (max-width: 768px) 100vw, 768px\" \/><\/figure>\n\n\n\n<figure class=\"wp-block-image size-large\"><img loading=\"lazy\" decoding=\"async\" width=\"1024\" height=\"768\" data-id=\"768\" src=\"https:\/\/car-cleon.fr\/wp-content\/uploads\/2026\/02\/IMG-20260209-WA0003-1024x768.jpg\" alt=\"\" class=\"wp-image-768\" srcset=\"https:\/\/car-cleon.fr\/wp-content\/uploads\/2026\/02\/IMG-20260209-WA0003-1024x768.jpg 1024w, https:\/\/car-cleon.fr\/wp-content\/uploads\/2026\/02\/IMG-20260209-WA0003-300x225.jpg 300w, https:\/\/car-cleon.fr\/wp-content\/uploads\/2026\/02\/IMG-20260209-WA0003-768x576.jpg 768w, https:\/\/car-cleon.fr\/wp-content\/uploads\/2026\/02\/IMG-20260209-WA0003-1536x1152.jpg 1536w, https:\/\/car-cleon.fr\/wp-content\/uploads\/2026\/02\/IMG-20260209-WA0003-1140x855.jpg 1140w, https:\/\/car-cleon.fr\/wp-content\/uploads\/2026\/02\/IMG-20260209-WA0003.jpg 2000w\" sizes=\"auto, (max-width: 1024px) 100vw, 1024px\" \/><\/figure>\n\n\n\n<figure class=\"wp-block-image size-large\"><img loading=\"lazy\" decoding=\"async\" width=\"1024\" height=\"768\" data-id=\"765\" src=\"https:\/\/car-cleon.fr\/wp-content\/uploads\/2026\/02\/IMG-20260209-WA0005-1024x768.jpg\" alt=\"\" class=\"wp-image-765\" srcset=\"https:\/\/car-cleon.fr\/wp-content\/uploads\/2026\/02\/IMG-20260209-WA0005-1024x768.jpg 1024w, https:\/\/car-cleon.fr\/wp-content\/uploads\/2026\/02\/IMG-20260209-WA0005-300x225.jpg 300w, https:\/\/car-cleon.fr\/wp-content\/uploads\/2026\/02\/IMG-20260209-WA0005-768x576.jpg 768w, https:\/\/car-cleon.fr\/wp-content\/uploads\/2026\/02\/IMG-20260209-WA0005-1536x1152.jpg 1536w, https:\/\/car-cleon.fr\/wp-content\/uploads\/2026\/02\/IMG-20260209-WA0005-1140x855.jpg 1140w, https:\/\/car-cleon.fr\/wp-content\/uploads\/2026\/02\/IMG-20260209-WA0005.jpg 2000w\" sizes=\"auto, (max-width: 1024px) 100vw, 1024px\" \/><\/figure>\n\n\n\n<figure class=\"wp-block-image size-large\"><img loading=\"lazy\" decoding=\"async\" width=\"1024\" height=\"768\" data-id=\"763\" src=\"https:\/\/car-cleon.fr\/wp-content\/uploads\/2026\/02\/IMG-20260209-WA0006-1-1024x768.jpg\" alt=\"\" class=\"wp-image-763\" srcset=\"https:\/\/car-cleon.fr\/wp-content\/uploads\/2026\/02\/IMG-20260209-WA0006-1-1024x768.jpg 1024w, https:\/\/car-cleon.fr\/wp-content\/uploads\/2026\/02\/IMG-20260209-WA0006-1-300x225.jpg 300w, https:\/\/car-cleon.fr\/wp-content\/uploads\/2026\/02\/IMG-20260209-WA0006-1-768x576.jpg 768w, https:\/\/car-cleon.fr\/wp-content\/uploads\/2026\/02\/IMG-20260209-WA0006-1-1536x1152.jpg 1536w, https:\/\/car-cleon.fr\/wp-content\/uploads\/2026\/02\/IMG-20260209-WA0006-1-1140x855.jpg 1140w, https:\/\/car-cleon.fr\/wp-content\/uploads\/2026\/02\/IMG-20260209-WA0006-1.jpg 2000w\" sizes=\"auto, (max-width: 1024px) 100vw, 1024px\" \/><\/figure>\n\n\n\n<figure class=\"wp-block-image size-large\"><img loading=\"lazy\" decoding=\"async\" width=\"768\" height=\"1024\" data-id=\"762\" src=\"https:\/\/car-cleon.fr\/wp-content\/uploads\/2026\/02\/IMG-20260209-WA0010-768x1024.jpg\" alt=\"\" class=\"wp-image-762\" srcset=\"https:\/\/car-cleon.fr\/wp-content\/uploads\/2026\/02\/IMG-20260209-WA0010-768x1024.jpg 768w, https:\/\/car-cleon.fr\/wp-content\/uploads\/2026\/02\/IMG-20260209-WA0010-225x300.jpg 225w, https:\/\/car-cleon.fr\/wp-content\/uploads\/2026\/02\/IMG-20260209-WA0010-1152x1536.jpg 1152w, https:\/\/car-cleon.fr\/wp-content\/uploads\/2026\/02\/IMG-20260209-WA0010-1140x1520.jpg 1140w, https:\/\/car-cleon.fr\/wp-content\/uploads\/2026\/02\/IMG-20260209-WA0010.jpg 1500w\" sizes=\"auto, (max-width: 768px) 100vw, 768px\" \/><\/figure>\n\n\n\n<figure class=\"wp-block-image size-large\"><img loading=\"lazy\" decoding=\"async\" width=\"1024\" height=\"768\" data-id=\"767\" src=\"https:\/\/car-cleon.fr\/wp-content\/uploads\/2026\/02\/IMG-20260209-WA0009-1024x768.jpg\" alt=\"\" class=\"wp-image-767\" srcset=\"https:\/\/car-cleon.fr\/wp-content\/uploads\/2026\/02\/IMG-20260209-WA0009-1024x768.jpg 1024w, https:\/\/car-cleon.fr\/wp-content\/uploads\/2026\/02\/IMG-20260209-WA0009-300x225.jpg 300w, https:\/\/car-cleon.fr\/wp-content\/uploads\/2026\/02\/IMG-20260209-WA0009-768x576.jpg 768w, https:\/\/car-cleon.fr\/wp-content\/uploads\/2026\/02\/IMG-20260209-WA0009-1536x1152.jpg 1536w, https:\/\/car-cleon.fr\/wp-content\/uploads\/2026\/02\/IMG-20260209-WA0009-1140x855.jpg 1140w, https:\/\/car-cleon.fr\/wp-content\/uploads\/2026\/02\/IMG-20260209-WA0009.jpg 2000w\" sizes=\"auto, (max-width: 1024px) 100vw, 1024px\" \/><\/figure>\n\n\n\n<figure class=\"wp-block-image size-large\"><img loading=\"lazy\" decoding=\"async\" width=\"768\" height=\"1024\" data-id=\"761\" src=\"https:\/\/car-cleon.fr\/wp-content\/uploads\/2026\/02\/IMG-20260209-WA0008-768x1024.jpg\" alt=\"\" class=\"wp-image-761\" srcset=\"https:\/\/car-cleon.fr\/wp-content\/uploads\/2026\/02\/IMG-20260209-WA0008-768x1024.jpg 768w, https:\/\/car-cleon.fr\/wp-content\/uploads\/2026\/02\/IMG-20260209-WA0008-225x300.jpg 225w, https:\/\/car-cleon.fr\/wp-content\/uploads\/2026\/02\/IMG-20260209-WA0008-1152x1536.jpg 1152w, https:\/\/car-cleon.fr\/wp-content\/uploads\/2026\/02\/IMG-20260209-WA0008-1140x1520.jpg 1140w, https:\/\/car-cleon.fr\/wp-content\/uploads\/2026\/02\/IMG-20260209-WA0008.jpg 1500w\" sizes=\"auto, (max-width: 768px) 100vw, 768px\" \/><\/figure>\n<\/figure>\n\n\n\n<h2 class=\"wp-block-heading\">25 -\u00e8me bourse d&rsquo;\u00e9changes de pont l&rsquo;\u00e9v\u00eaques <\/h2>\n\n\n\n<figure class=\"wp-block-image size-large is-resized\"><img loading=\"lazy\" decoding=\"async\" width=\"1024\" height=\"768\" src=\"https:\/\/car-cleon.fr\/wp-content\/uploads\/2026\/02\/20260106_154238-1-1024x768.jpg\" alt=\"\" class=\"wp-image-779\" style=\"width:215px;height:auto\" srcset=\"https:\/\/car-cleon.fr\/wp-content\/uploads\/2026\/02\/20260106_154238-1-1024x768.jpg 1024w, https:\/\/car-cleon.fr\/wp-content\/uploads\/2026\/02\/20260106_154238-1-300x225.jpg 300w, https:\/\/car-cleon.fr\/wp-content\/uploads\/2026\/02\/20260106_154238-1-768x576.jpg 768w, https:\/\/car-cleon.fr\/wp-content\/uploads\/2026\/02\/20260106_154238-1-1536x1152.jpg 1536w, https:\/\/car-cleon.fr\/wp-content\/uploads\/2026\/02\/20260106_154238-1-2048x1536.jpg 2048w, https:\/\/car-cleon.fr\/wp-content\/uploads\/2026\/02\/20260106_154238-1-1140x855.jpg 1140w\" sizes=\"auto, (max-width: 1024px) 100vw, 1024px\" \/><\/figure>\n\n\n\n<figure class=\"wp-block-image size-large is-resized\"><img loading=\"lazy\" decoding=\"async\" width=\"724\" height=\"1024\" src=\"https:\/\/car-cleon.fr\/wp-content\/uploads\/2026\/02\/temp_file_1756713195716-724x1024.jpg\" alt=\"\" class=\"wp-image-782\" style=\"aspect-ratio:0.707037643207856;width:149px;height:auto\" srcset=\"https:\/\/car-cleon.fr\/wp-content\/uploads\/2026\/02\/temp_file_1756713195716-724x1024.jpg 724w, https:\/\/car-cleon.fr\/wp-content\/uploads\/2026\/02\/temp_file_1756713195716-212x300.jpg 212w, https:\/\/car-cleon.fr\/wp-content\/uploads\/2026\/02\/temp_file_1756713195716-768x1086.jpg 768w, https:\/\/car-cleon.fr\/wp-content\/uploads\/2026\/02\/temp_file_1756713195716-1086x1536.jpg 1086w, https:\/\/car-cleon.fr\/wp-content\/uploads\/2026\/02\/temp_file_1756713195716-1140x1612.jpg 1140w, https:\/\/car-cleon.fr\/wp-content\/uploads\/2026\/02\/temp_file_1756713195716.jpg 1414w\" sizes=\"auto, (max-width: 724px) 100vw, 724px\" \/><\/figure>\n\n\n\n<div class=\"wp-block-file\"><a href=\"https:\/\/car-cleon.fr\/wp-content\/uploads\/2026\/01\/temp_file_1756713195716-724x1024.jpg\">affiche bourse de pont l&rsquo;eveque<\/a><a href=\"https:\/\/car-cleon.fr\/wp-content\/uploads\/2026\/01\/temp_file_1756713195716-724x1024.jpg\" class=\"wp-block-file__button wp-element-button\" download>T\u00e9l\u00e9carger<\/a><\/div>\n\n\n\n<p><\/p>\n","protected":false},"excerpt":{"rendered":"<p>AG 2026 25 -\u00e8me bourse d&rsquo;\u00e9changes de pont l&rsquo;\u00e9v\u00eaques<\/p>\n","protected":false},"author":1,"featured_media":0,"parent":0,"menu_order":0,"comment_status":"closed","ping_status":"closed","template":"","meta":{"_kadence_starter_templates_imported_post":false,"footnotes":""},"class_list":["post-626","page","type-page","status-publish","hentry"],"mb":[],"mfb_rest_fields":["title"],"_links":{"self":[{"href":"https:\/\/car-cleon.fr\/index.php?rest_route=\/wp\/v2\/pages\/626","targetHints":{"allow":["GET"]}}],"collection":[{"href":"https:\/\/car-cleon.fr\/index.php?rest_route=\/wp\/v2\/pages"}],"about":[{"href":"https:\/\/car-cleon.fr\/index.php?rest_route=\/wp\/v2\/types\/page"}],"author":[{"embeddable":true,"href":"https:\/\/car-cleon.fr\/index.php?rest_route=\/wp\/v2\/users\/1"}],"replies":[{"embeddable":true,"href":"https:\/\/car-cleon.fr\/index.php?rest_route=%2Fwp%2Fv2%2Fcomments&post=626"}],"version-history":[{"count":13,"href":"https:\/\/car-cleon.fr\/index.php?rest_route=\/wp\/v2\/pages\/626\/revisions"}],"predecessor-version":[{"id":783,"href":"https:\/\/car-cleon.fr\/index.php?rest_route=\/wp\/v2\/pages\/626\/revisions\/783"}],"wp:attachment":[{"href":"https:\/\/car-cleon.fr\/index.php?rest_route=%2Fwp%2Fv2%2Fmedia&parent=626"}],"curies":[{"name":"wp","href":"https:\/\/api.w.org\/{rel}","templated":true}]}}